{"id":6950,"date":"2022-02-04T17:07:34","date_gmt":"2022-02-04T16:07:34","guid":{"rendered":"https:\/\/stattmannfurniture.com\/?page_id=6950"},"modified":"2022-06-25T11:31:07","modified_gmt":"2022-06-25T09:31:07","slug":"homepage","status":"publish","type":"page","link":"https:\/\/stattmannfurniture.com\/de","title":{"rendered":"Homepage"},"content":{"rendered":"\n<p class=\"has-x-large-font-size\">Die Kombination von klarem, funktionalem Design, einer hochwertigen handwerklichen Produktion und einem sensiblen Umgang mit dem Naturwerkstoff Holz macht die besondere Qualit\u00e4t unserer M\u00f6bel aus. Ehrlichkeit, Langlebigkeit und \u00d6kologie z\u00e4hlen zu den wichtigsten Werten von STATTMANN.<\/p>\n","protected":false},"excerpt":{"rendered":"<p>Die Kombination von klarem, funktionalem Design, einer hochwertigen handwerklichen Produktion und einem sensiblen Umgang mit dem Naturwerkstoff Holz macht die besondere Qualit\u00e4t unserer M\u00f6bel aus. Ehrlichkeit, Langlebigkeit und \u00d6kologie z\u00e4hlen zu den wichtigsten Werten von STATTMANN.<\/p>\n","protected":false},"author":2,"featured_media":0,"parent":0,"menu_order":0,"comment_status":"closed","ping_status":"closed","template":"page-home.php","meta":{"_acf_changed":false,"footnotes":""},"class_list":["post-6950","page","type-page","status-publish","hentry"],"acf":[],"aioseo_notices":[],"jetpack_sharing_enabled":true,"_links":{"self":[{"href":"https:\/\/stattmannfurniture.com\/de\/wp-json\/wp\/v2\/pages\/6950","targetHints":{"allow":["GET"]}}],"collection":[{"href":"https:\/\/stattmannfurniture.com\/de\/wp-json\/wp\/v2\/pages"}],"about":[{"href":"https:\/\/stattmannfurniture.com\/de\/wp-json\/wp\/v2\/types\/page"}],"author":[{"embeddable":true,"href":"https:\/\/stattmannfurniture.com\/de\/wp-json\/wp\/v2\/users\/2"}],"replies":[{"embeddable":true,"href":"https:\/\/stattmannfurniture.com\/de\/wp-json\/wp\/v2\/comments?post=6950"}],"version-history":[{"count":2,"href":"https:\/\/stattmannfurniture.com\/de\/wp-json\/wp\/v2\/pages\/6950\/revisions"}],"predecessor-version":[{"id":6989,"href":"https:\/\/stattmannfurniture.com\/de\/wp-json\/wp\/v2\/pages\/6950\/revisions\/6989"}],"wp:attachment":[{"href":"https:\/\/stattmannfurniture.com\/de\/wp-json\/wp\/v2\/media?parent=6950"}],"curies":[{"name":"wp","href":"https:\/\/api.w.org\/{rel}","templated":true}]}}