{"id":6956,"date":"2022-03-18T15:35:00","date_gmt":"2022-03-18T14:35:00","guid":{"rendered":"https:\/\/stattmannfurniture.com\/ueber-uns"},"modified":"2022-06-25T11:44:35","modified_gmt":"2022-06-25T09:44:35","slug":"ueber-uns","status":"publish","type":"page","link":"https:\/\/stattmannfurniture.com\/de\/ueber-uns","title":{"rendered":"\u00dcber STATTMANN"},"content":{"rendered":"\n<h2 class=\"wp-block-heading\">Wer wir sind<\/h2>\n\n\n\n<p class=\"has-x-large-font-size\">Am Anfang von STATTMANN stand die Leidenschaft der Gr\u00fcnder, der Geschwister Nicola und Oliver Stattmann, f\u00fcr das Material Holz, ihre Wurzeln im traditionellen Handwerk und die Begeisterung f\u00fcr gutes Design.<\/p>\n\n\n\n<p class=\"has-x-large-font-size\">Wir fragten uns, was ein wirklich zeitgem\u00e4\u00dfes und nachhaltiges Massivholzm\u00f6bel ausmacht \u2013 von der Gestaltung und Konstruktion bis hin zu Fertigung und Transport. F\u00fcr uns sind das M\u00f6bel mit einer klaren Formensprache und klugen Details, die selbstverst\u00e4ndlich und funktional sind, die mit gr\u00f6\u00dfter handwerklicher Sorgfalt und Pr\u00e4zision gefertigt werden und deren Herstellung durch eine verantwortungsbewusste Nutzung von \u00f6kologischen Materialien bestimmt ist. Praktische, langlebige St\u00fccke, die in den unterschiedlichsten Situationen funktionieren und die uns ein Leben lang begleiten.<\/p>\n\n\n\n<p class=\"has-x-large-font-size\">Aus diesen \u00dcberlegungen entstand 2011 das Label STATTMANN. In enger Zusammenarbeit mit internationalen Produktdesignern entwickeln wir seitdem Tische, St\u00fchle, B\u00e4nke, Hocker und Regale mit handwerklich ausgekl\u00fcgelten Steckverbindungen und gut gestalteten Details. Die formal schlichten Massivholzm\u00f6bel sind in einer breiten Palette von Farben erh\u00e4ltlich; ihre hochwertigen Oberfl\u00e4chen machen die nat\u00fcrliche Struktur des Holzes sicht- und f\u00fchlbar. Alle unsere M\u00f6bel sind f\u00fcr den Einsatz im privaten Wohnbereich genauso gut geeignet wie f\u00fcr den Objektbereich.<\/p>\n\n\n\n<p class=\"has-x-large-font-size\">Wir produzieren vollst\u00e4ndig in Deutschland und beziehen unser Holz aus nachhaltig bewirtschafteten europ\u00e4ischen W\u00e4ldern. Ein gro\u00dfer Teil der Fertigung erfolgte in den ersten zehn Jahren im eigenen Familienbetrieb im M\u00fcnsterland, der 1896 gegr\u00fcndeten Tischlerei Stattmann. 2022 haben wir die Produktion in eine ebenfalls familiengef\u00fchrte, auf die Produktion hochwertiger Massivholz-Serienm\u00f6bel spezialisierte Tischlerei in S\u00fcddeutschland verlagert. Bei der Auswahl unserer Partnerbetriebe und Zulieferer von Komponenten achten wir sorgf\u00e4ltig auf beste Qualit\u00e4t.<\/p>\n\n\n\n<p class=\"has-x-large-font-size\">Die Fertigung in technologisch gut ausgestatteten Handwerksbetrieben erm\u00f6glicht es uns, in Projekten mit Architekten oder Innenarchitekten unkompliziert und in kurzer Zeit individuelle Farben und Sonderma\u00dfe f\u00fcr Tische, B\u00e4nke oder Regale zu realisieren.<\/p>\n\n\n\n<h2 class=\"wp-block-heading\">Unsere Werte<\/h2>\n\n\n\n<p>Die Kombination von klarem, funktionalem Design, einer hochwertigen handwerklichen Produktion und einem sensiblen Umgang mit dem Naturwerkstoff Holz macht die besondere Qualit\u00e4t unserer M\u00f6bel aus. Ehrlichkeit, Langlebigkeit und \u00d6kologie z\u00e4hlen zu den wichtigsten Werten von STATTMANN.<\/p>\n\n\n\n<h2 class=\"wp-block-heading\">Holz<\/h2>\n\n\n\n<p>Holz ist ein wunderbares Material. Jeder Baum ist anders gewachsen und unterscheidet sich in Struktur und Farbe. Holz f\u00fchlt sich angenehm an, hat eine lebendige Struktur und altert gut. Zudem ist es nachwachsend, \u00f6kologisch und langlebig. Wir verarbeiten nur gut gewachsene Eichen und Eschen aus zertifizierter nachhaltiger Forstwirtschaft \u2013 bestes Holz, das wir mit Respekt behandeln. Unsere M\u00f6bel sollen die Sch\u00f6nheit und Eigenschaften dieses nat\u00fcrlichen Materials sichtbar machen. Die ausgekl\u00fcgelten Konstruktionen, pr\u00e4zisen Details und perfekten Oberfl\u00e4chen der M\u00f6belst\u00fccke bringen dies zum Ausdruck und werden mit gr\u00f6\u00dfter handwerklicher Sorgfalt gefertigt.<\/p>\n\n\n\n<h2 class=\"wp-block-heading\">Design<\/h2>\n\n\n\n<p>Die Designer Marina Bautier, Sylvain Willenz, Steffen Kehrle und J\u00f6rg Boner teilen unsere Leidenschaft f\u00fcr das Material Holz. Gemeinsam mit ihnen haben wir traditionelle Holztechniken weitergedacht und kluge, neuartige Steckverbindungen entwickelt. So weisen viele unserer St\u00fccke verbl\u00fcffende, nach au\u00dfen h\u00e4ufig unsichtbare konstruktive Details auf.<\/p>\n\n\n\n<p>Ziel des Entwurfsprozesses sind einfache, archetypische M\u00f6bel, die funktional, vielseitig einsetzbar und langlebig sind. Ein St\u00fcck von STATTMANN soll ein praktischer und langj\u00e4hriger Begleiter sein. <\/p>\n\n\n\n<h2 class=\"wp-block-heading\">Handwerk<\/h2>\n\n\n\n<p>Die Tischlerei Stattmann besteht seit 1896. Seit dieser Zeit besch\u00e4ftigt sich die Familie mit hochwertigem M\u00f6bel- und Innenausbau. Die Erfahrungen und Fachkenntnisse werden seit Generationen weitergegeben. Bis heute beherrschen die Tischler traditionelle Handwerkstechniken wie Intarsien und handgefertigte Verbindungen aus Massivholz. Aufbauend auf diesem Wissen k\u00f6nnen neue Konstruktionen entwickelt und mit der erforderlichen Pr\u00e4zision umgesetzt werden. Die hohe handwerkliche Sorgfalt \u00fcber den gesamten Fertigungsprozess hinweg verleiht den M\u00f6beln ihre Qualit\u00e4t.<\/p>\n\n\n\n<h2 class=\"wp-block-heading\">\u00d6kologie<\/h2>\n\n\n\n<p>Gr\u00f6\u00dften Wert legen wir auf nachhaltige, regionale Fertigung, kurze Transportwege sowie auf hochwertige und m\u00f6glichst \u00f6kologische Materialien. Alles Holz stammt aus zertifiziert nachhaltiger Forstwirtschaft. Mit dem wertvollen nachwachsenden Rohstoff Massivholz gehen wir so sorgf\u00e4ltig und sparsam wie m\u00f6glich um. Auf Metallbauteile und Kunststoff wird weitestgehend verzichtet. Bei der Behandlung der Oberfl\u00e4chen verwenden wir umweltvertr\u00e4gliche Pigmente und Beschichtungen.<\/p>\n\n\n\n<p>Die Kollektion von STATTMANN richtet sich an Menschen, denen die Herkunft und Verarbeitung ihrer M\u00f6bel nicht egal sind.<\/p>\n","protected":false},"excerpt":{"rendered":"<p>Wer wir sind Am Anfang von STATTMANN stand die Leidenschaft der Gr\u00fcnder, der Geschwister Nicola und Oliver Stattmann, f\u00fcr das Material Holz, ihre Wurzeln im traditionellen Handwerk und die Begeisterung f\u00fcr gutes Design. Wir fragten uns, was ein wirklich zeitgem\u00e4\u00dfes und nachhaltiges Massivholzm\u00f6bel ausmacht \u2013 von der Gestaltung und Konstruktion bis hin zu Fertigung und [&hellip;]<\/p>\n","protected":false},"author":2,"featured_media":0,"parent":0,"menu_order":0,"comment_status":"closed","ping_status":"closed","template":"","meta":{"_acf_changed":false,"footnotes":""},"class_list":["post-6956","page","type-page","status-publish","hentry"],"acf":[],"aioseo_notices":[],"jetpack_sharing_enabled":true,"_links":{"self":[{"href":"https:\/\/stattmannfurniture.com\/de\/wp-json\/wp\/v2\/pages\/6956","targetHints":{"allow":["GET"]}}],"collection":[{"href":"https:\/\/stattmannfurniture.com\/de\/wp-json\/wp\/v2\/pages"}],"about":[{"href":"https:\/\/stattmannfurniture.com\/de\/wp-json\/wp\/v2\/types\/page"}],"author":[{"embeddable":true,"href":"https:\/\/stattmannfurniture.com\/de\/wp-json\/wp\/v2\/users\/2"}],"replies":[{"embeddable":true,"href":"https:\/\/stattmannfurniture.com\/de\/wp-json\/wp\/v2\/comments?post=6956"}],"version-history":[{"count":3,"href":"https:\/\/stattmannfurniture.com\/de\/wp-json\/wp\/v2\/pages\/6956\/revisions"}],"predecessor-version":[{"id":7052,"href":"https:\/\/stattmannfurniture.com\/de\/wp-json\/wp\/v2\/pages\/6956\/revisions\/7052"}],"wp:attachment":[{"href":"https:\/\/stattmannfurniture.com\/de\/wp-json\/wp\/v2\/media?parent=6956"}],"curies":[{"name":"wp","href":"https:\/\/api.w.org\/{rel}","templated":true}]}}