{"id":6975,"date":"2019-02-02T13:58:55","date_gmt":"2019-02-02T12:58:55","guid":{"rendered":"https:\/\/stattmannfurniture.com\/impressum"},"modified":"2025-04-16T12:56:01","modified_gmt":"2025-04-16T10:56:01","slug":"impressum","status":"publish","type":"page","link":"https:\/\/stattmannfurniture.com\/de\/impressum","title":{"rendered":"Impressum"},"content":{"rendered":"\n<h2 class=\"wp-block-heading\">Domaininhaber und verantwortlich f\u00fcr Inhalte<\/h2>\n\n\n\n<p>Stattmann Furniture GmbH<br>Alt-Bornheim 30 HH<br>60385 Frankfurt am Main <br>Germany<\/p>\n\n\n\n<p>+49 (0)69 43054601<br>info@stattmannfurniture.com<\/p>\n\n\n\n<p>Vertretungsberechtige Gesch\u00e4ftsf\u00fchrer:<br>Nicola Stattmann, Stefan Wunderlich<br>Registernummer: HRB 125955<br>Registergericht: Frankfurt am Main<br>USt-ID: DE350563169<\/p>\n\n\n\n<p>Fotos:<br>Julien Renault, <a href=\"https:\/\/www.julienrenaultobjects.com\/\">www.julienrenaultobjects.com<\/a> <br>Pixelgarten, <a href=\"http:\/\/www.pixelgarten.com\/\">www.pixelgarten.com<\/a><br>SCHMOTT, <a href=\"https:\/\/www.schmott.com\/\" title=\"\">www.schmott.com<\/a><\/p>\n\n\n\n<p>Grafikdesign:<br>Pixelgarten, <a href=\"http:\/\/www.pixelgarten.com\/\">www.pixelgarten.com<\/a><\/p>\n\n\n\n<p>Webdesign and Programmierung:<br>Moritz Ebeling, <a href=\"https:\/\/moritzebeling.com\/\">moritzebeling.com<\/a><\/p>\n\n\n\n<h2 class=\"wp-block-heading\">Haftungsausschluss<\/h2>\n\n\n\n<h3 class=\"wp-block-heading\">Haftung f\u00fcr Seiteninhalte<\/h3>\n\n\n\n<p>Die Inhalte unserer Seiten wurden mit gr\u00f6\u00dfter Sorgfalt erstellt. F\u00fcr die Richtigkeit, Vollst\u00e4ndigkeit und Aktualit\u00e4t der Inhalte k\u00f6nnen wir jedoch keine Gew\u00e4hr \u00fcbernehmen.<\/p>\n\n\n\n<h3 class=\"wp-block-heading\">Urheberrecht<\/h3>\n\n\n\n<p>Alle Bildrechte liegen bei der Stattmann Furniture GmbH oder unseren Lizenzgebern. Eine Verwendung ohne ausdr\u00fcckliche Zustimmung ist nicht gestattet. Gleiches gilt f\u00fcr s\u00e4mtliche Texte und sonstige Abbildungen auf unserer Website.<\/p>\n\n\n\n<h3 class=\"wp-block-heading\">Datenschutz<\/h3>\n\n\n\n<p>Informationen zur Datenverarbeitung auf dieser Webseite und der Sicherheit Ihrer pers\u00f6nlichen Daten finden Sie in unserer <a href=\"https:\/\/stattmannfurniture.com\/de\/datenschutz\" title=\"Datenschutzerkl\u00e4rung\">Datenschutzerkl\u00e4rung<\/a>.<\/p>\n\n\n\n<p><\/p>\n","protected":false},"excerpt":{"rendered":"<p>Domaininhaber und verantwortlich f\u00fcr Inhalte Stattmann Furniture GmbHAlt-Bornheim 30 HH60385 Frankfurt am Main Germany +49 (0)69 43054601info@stattmannfurniture.com Vertretungsberechtige Gesch\u00e4ftsf\u00fchrer:Nicola Stattmann, Stefan WunderlichRegisternummer: HRB 125955Registergericht: Frankfurt am MainUSt-ID: DE350563169 Fotos:Julien Renault, www.julienrenaultobjects.com Pixelgarten, www.pixelgarten.comSCHMOTT, www.schmott.com Grafikdesign:Pixelgarten, www.pixelgarten.com Webdesign and Programmierung:Moritz Ebeling, moritzebeling.com Haftungsausschluss Haftung f\u00fcr Seiteninhalte Die Inhalte unserer Seiten wurden mit gr\u00f6\u00dfter Sorgfalt erstellt. F\u00fcr [&hellip;]<\/p>\n","protected":false},"author":1,"featured_media":0,"parent":0,"menu_order":0,"comment_status":"closed","ping_status":"closed","template":"","meta":{"_acf_changed":false,"footnotes":""},"class_list":["post-6975","page","type-page","status-publish","hentry"],"acf":[],"aioseo_notices":[],"jetpack_sharing_enabled":true,"_links":{"self":[{"href":"https:\/\/stattmannfurniture.com\/de\/wp-json\/wp\/v2\/pages\/6975","targetHints":{"allow":["GET"]}}],"collection":[{"href":"https:\/\/stattmannfurniture.com\/de\/wp-json\/wp\/v2\/pages"}],"about":[{"href":"https:\/\/stattmannfurniture.com\/de\/wp-json\/wp\/v2\/types\/page"}],"author":[{"embeddable":true,"href":"https:\/\/stattmannfurniture.com\/de\/wp-json\/wp\/v2\/users\/1"}],"replies":[{"embeddable":true,"href":"https:\/\/stattmannfurniture.com\/de\/wp-json\/wp\/v2\/comments?post=6975"}],"version-history":[{"count":8,"href":"https:\/\/stattmannfurniture.com\/de\/wp-json\/wp\/v2\/pages\/6975\/revisions"}],"predecessor-version":[{"id":7372,"href":"https:\/\/stattmannfurniture.com\/de\/wp-json\/wp\/v2\/pages\/6975\/revisions\/7372"}],"wp:attachment":[{"href":"https:\/\/stattmannfurniture.com\/de\/wp-json\/wp\/v2\/media?parent=6975"}],"curies":[{"name":"wp","href":"https:\/\/api.w.org\/{rel}","templated":true}]}}