{"id":6980,"date":"2019-02-02T13:58:55","date_gmt":"2019-02-02T12:58:55","guid":{"rendered":"https:\/\/stattmannfurniture.com\/zahlung-lieferung"},"modified":"2023-04-02T12:18:30","modified_gmt":"2023-04-02T10:18:30","slug":"zahlung-lieferung","status":"publish","type":"page","link":"https:\/\/stattmannfurniture.com\/de\/zahlung-lieferung","title":{"rendered":"Zahlung &#038; Lieferung"},"content":{"rendered":"\n<h2 class=\"wp-block-heading\">Zahlungsbedingungen<\/h2>\n\n\n\n<p>Alle M\u00f6belst\u00fccke der STATTMANN Kollektion werden nach Eingang der Bestellung individuell f\u00fcr den Kunden gefertigt. Aus diesem Grund ist eine Zahlung per Vorkasse erforderlich, bevor wir Ihre Bestellung weiter bearbeiten und das bzw. die georderten M\u00f6bel produzieren k\u00f6nnen. <\/p>\n\n\n\n<p>Sie finden unsere Bankverbindung in der Auftragsbest\u00e4tigung, die automatisch nach der Best\u00e4tigung Ihrer Bestellung im Online-Shop versendet wird. Als Zahlungsoptionen stehen Ihnen \u00dcberweisung, Zahlung per Rechnung und PayPal zur Verf\u00fcgung.<\/p>\n\n\n\n<p>F\u00fcr Zahlungen per gelten die Allgemeinen Gesch\u00e4ftsbedingungen des Zahlungsdienstleisters PayPal (Europe) S.a r.l. et Cie. Diese k\u00f6nnen unter <a href=\"https:\/\/www.paypal.com\/de\/webapps\/mpp\/ua\/legalhub-full?locale.x=de_DE\" target=\"_blank\" rel=\"noreferrer noopener\">https:\/\/www.paypal.com\/de\/webapps\/mpp\/ua\/legalhub-full?locale.x=de_DE<\/a> eingesehen werden.<\/p>\n\n\n\n<h2 class=\"wp-block-heading\">Preise &amp; Versandkosten<\/h2>\n\n\n\n<p>Die auf den Produktseiten genannten Preise sind Nettopreise. Die gesetzliche Mehrwertsteuer und Versandkosten werden Ihnen vor Abschluss Ihrer Bestellung im Online-Shop angezeigt. Die Versandkosten werden abh\u00e4ngig von Ihrem Standort (Lieferadresse) berechnet.<\/p>\n\n\n\n<h2 class=\"wp-block-heading\">Lieferzeiten<\/h2>\n\n\n\n<p>Die Lieferzeit betr\u00e4gt im Regelfall 30 Werktage ab Zahlungseingang. Bei h\u00f6heren St\u00fcckzahlen kann die Lieferzeit maximal 45 Tage betragen. \u00dcber die genaue Lieferzeit informieren wir Sie mit der Auftragsbest\u00e4tigung.<\/p>\n\n\n\n<p><strong>Bitte beachten Sie: Aufgrund der anhaltend hohen Krankheitsausf\u00e4lle und der schwierigen Situation auf dem Holzmarkt sind unsere Produktionszeiten zurzeit l\u00e4nger als \u00fcblich und es ist uns nicht m\u00f6glich, zum Zeitpunkt der Bestellung ein verbindliches Lieferdatum zu garantieren. Die durchschnittliche Produktionszeit f\u00fcr Tische und B\u00e4nke betr\u00e4gt zurzeit etwa 10 bis 12 Wochen, f\u00fcr Sitzm\u00f6bel und Regale ca. 6 Wochen.<\/strong><\/p>\n\n\n\n<h2 class=\"wp-block-heading\">Versand &amp; Lieferung<\/h2>\n\n\n\n<p>Der Standardversand ist auf Lieferadressen innerhalb der Europ\u00e4ischen Union sowie in der Schweiz, dem Vereinigten K\u00f6nigreich und Norwegen beschr\u00e4nkt. Sollte Ihr Wohnsitz nicht im Online-Shop ausw\u00e4hlbar sein, senden Sie uns bitte eine Anfrage per E-Mail an info@stattmannfurniture.com. Sofern eine Lieferung in Ihr Land m\u00f6glich ist, werden wir die Lieferkosten und -zeiten individuell ermitteln und Ihnen ein entsprechendes Angebot zusenden.<\/p>\n\n\n\n<p>Der Versand der Ware erfolgt durch einen von der Stattmann Furniture GmbH beauftragten Dienstleister bzw. Spediteur. Die Anlieferung erfolgt aus versicherungstechnischen Gr\u00fcnden grunds\u00e4tzlich nur bis Bordsteinkante.<\/p>\n\n\n\n<p>Stellen Sie bei Ihrer Bestellung im Online-Shop bitte sicher, die korrekte und vollst\u00e4ndige Lieferadresse anzugeben. Sollten durch fehlerhafte Adressangaben zus\u00e4tzliche Lieferkosten entstehen, m\u00fcssen diese durch den Kunden erstattet werden.<\/p>\n\n\n\n<p>Weitere Informationen zum Bestell- und Auslieferungsprozess finden Sie in unseren <a href=\"https:\/\/stattmannfurniture.com\/de\/agb\">Allgemeinen Gesch\u00e4ftsbedingungen<\/a>.<\/p>\n","protected":false},"excerpt":{"rendered":"<p>Zahlungsbedingungen Alle M\u00f6belst\u00fccke der STATTMANN Kollektion werden nach Eingang der Bestellung individuell f\u00fcr den Kunden gefertigt. Aus diesem Grund ist eine Zahlung per Vorkasse erforderlich, bevor wir Ihre Bestellung weiter bearbeiten und das bzw. die georderten M\u00f6bel produzieren k\u00f6nnen. Sie finden unsere Bankverbindung in der Auftragsbest\u00e4tigung, die automatisch nach der Best\u00e4tigung Ihrer Bestellung im Online-Shop [&hellip;]<\/p>\n","protected":false},"author":1,"featured_media":0,"parent":0,"menu_order":0,"comment_status":"closed","ping_status":"closed","template":"","meta":{"_acf_changed":false,"footnotes":""},"class_list":["post-6980","page","type-page","status-publish","hentry"],"acf":[],"aioseo_notices":[],"jetpack_sharing_enabled":true,"_links":{"self":[{"href":"https:\/\/stattmannfurniture.com\/de\/wp-json\/wp\/v2\/pages\/6980","targetHints":{"allow":["GET"]}}],"collection":[{"href":"https:\/\/stattmannfurniture.com\/de\/wp-json\/wp\/v2\/pages"}],"about":[{"href":"https:\/\/stattmannfurniture.com\/de\/wp-json\/wp\/v2\/types\/page"}],"author":[{"embeddable":true,"href":"https:\/\/stattmannfurniture.com\/de\/wp-json\/wp\/v2\/users\/1"}],"replies":[{"embeddable":true,"href":"https:\/\/stattmannfurniture.com\/de\/wp-json\/wp\/v2\/comments?post=6980"}],"version-history":[{"count":4,"href":"https:\/\/stattmannfurniture.com\/de\/wp-json\/wp\/v2\/pages\/6980\/revisions"}],"predecessor-version":[{"id":7290,"href":"https:\/\/stattmannfurniture.com\/de\/wp-json\/wp\/v2\/pages\/6980\/revisions\/7290"}],"wp:attachment":[{"href":"https:\/\/stattmannfurniture.com\/de\/wp-json\/wp\/v2\/media?parent=6980"}],"curies":[{"name":"wp","href":"https:\/\/api.w.org\/{rel}","templated":true}]}}