{"id":7027,"date":"2019-02-02T13:58:55","date_gmt":"2019-02-02T12:58:55","guid":{"rendered":"https:\/\/stattmannfurniture.com\/agb"},"modified":"2023-04-02T12:07:19","modified_gmt":"2023-04-02T10:07:19","slug":"agb","status":"publish","type":"page","link":"https:\/\/stattmannfurniture.com\/de\/agb","title":{"rendered":"Allgemeine Gesch\u00e4ftsbedingungen"},"content":{"rendered":"\n<h2 class=\"wp-block-heading\">Allgemeine Gesch\u00e4ftsbedingungen<\/h2>\n\n\n\n<p>Die nachfolgend aufgef\u00fchrten Allgemeinen Gesch\u00e4ftsbedingungen (AGB) der Stattmann Furniture GmbH enthalten Informationen zu Ihren Rechten nach den Vorschriften \u00fcber Vertr\u00e4ge im Fernabsatz und im elektronischen Gesch\u00e4ftsverkehr.<\/p>\n\n\n\n<h3 class=\"wp-block-heading\">1. Geltungsbereich<\/h3>\n\n\n\n<p>Diese Allgemeinen Gesch\u00e4ftsbedingungen (AGB) gelten f\u00fcr alle Vertr\u00e4ge zwischen der Stattmann Furniture GmbH und ihren Kunden.<\/p>\n\n\n\n<h3 class=\"wp-block-heading\">2. Vertragspartner<\/h3>\n\n\n\n<p>Der Kaufvertrag kommt zustande mit der Stattmann Furniture GmbH. Sie erreichen uns f\u00fcr Fragen, Reklamationen und Beanstandungen werktags unter der Telefonnummer +49 (0)69 43054601 sowie per E-Mail unter <a href=\"mailto:info@stattmannfurniture.com\">info@stattmannfurniture.com<\/a>.<\/p>\n\n\n\n<h3 class=\"wp-block-heading\">3. Angebot und Vertragsschluss<\/h3>\n\n\n\n<p>3.1 Die Darstellung der Produkte im Online-Shop stellt kein rechtlich bindendes Angebot, sondern eine Aufforderung zur Abgabe einer kostenpflichtigen Bestellung dar. Alle Angebote gelten \u201esolange der Vorrat reicht\u201c, wenn nicht bei den Produkten etwas anderes vermerkt ist. Im \u00dcbrigen bleiben Irrt\u00fcmer vorbehalten.<\/p>\n\n\n\n<p>3.2 Durch Anklicken des Buttons \u201eBestellung abschicken\u201c geben Sie eine verbindliche Willenserkl\u00e4rung zur Bestellung der auf der Bestellseite aufgelisteten Waren ab. Der Kaufvertrag kommt zustande, wenn wir Ihre Bestellung durch eine Auftragsbest\u00e4tigung per E-Mail nach dem Erhalt Ihrer Bestellung annehmen oder wenn wir die Auslieferung nach der Bestellung vornehmen.<\/p>\n\n\n\n<h3 class=\"wp-block-heading\">4. Preise und Versandkosten<\/h3>\n\n\n\n<p>4.1 Die auf den Produktseiten genannten Preise enthalten nicht die gesetzliche Mehrwertsteuer und sonstige Preisbestandteile.<\/p>\n\n\n\n<p>4.2 Zus\u00e4tzlich zu den angegebenen Preisen berechnen wir f\u00fcr die Lieferung Versandkosten. Die Versandkosten werden Ihnen im Warenkorbsystem und auf der Bestellseite deutlich mitgeteilt.<\/p>\n\n\n\n<p>4.3 Der Kunde versichert, dass er die vollst\u00e4ndige und korrekte Lieferanschrift angegeben hat. Sollten durch fehlerhafte Adressangaben zus\u00e4tzliche Lieferkosten entstehen, ist der Kunde verpflichtet, diese zu tragen.<\/p>\n\n\n\n<h3 class=\"wp-block-heading\">5. Lieferung<\/h3>\n\n\n\n<p>5.1 Die Lieferung erfolgt nur an eine Versandadresse innerhalb der Europ\u00e4ischen Union sowie in der Schweiz, dem Vereinigten K\u00f6nigreich und Norwegen. Eine Lieferung au\u00dferhalb der oben genannten L\u00e4nder ist m\u00f6glich, die Lieferkosten und -zeiten werden auf Anfrage ermittelt.<\/p>\n\n\n\n<p>5.2 Die Lieferzeit betr\u00e4gt nach Eingang des Rechnungsbetrages im Regelfall 30 Werktage. Bei h\u00f6heren St\u00fcckzahlen kann die Lieferzeit maximal 45 Tage betragen. Auf eventuell abweichende Lieferzeiten weisen wir auf der jeweiligen Produktseite hin. \u00dcber die genaue Lieferzeit informieren wir Sie mit der Auftragsbest\u00e4tigung.<\/p>\n\n\n\n<p>5.3 Sollte das bestellte Produkt nicht rechtzeitig lieferbar sein, weil wir durch unseren Lieferanten nicht rechtzeitig beliefert werden, informieren wir Sie unverz\u00fcglich. Es steht Ihnen in einem solchen Fall frei, auf das bestellte Produkt zu warten oder Ihre Bestellung zu stornieren. Bei einer Stornierung werden ggf. bereits erbrachte Gegenleistungen unverz\u00fcglich erstattet.<\/p>\n\n\n\n<p>5.4 Der Versand der Produkte erfolgt durch einen von der Stattmann Furniture GmbH beauftragten Dienstleister bzw. Spediteur.<\/p>\n\n\n\n<h3 class=\"wp-block-heading\">6. Zahlungsbedingungen<\/h3>\n\n\n\n<p>6.1 Da es sich um individuell angefertigte Waren \u2013 d. h. M\u00f6belst\u00fccke \u2013 handelt, k\u00f6nnen wir nur eine Bestellung gegen Vorkasse akzeptieren. <\/p>\n\n\n\n<p>6.2 Zur Abwicklung der Zahlungsart Vorkasse nennen wir Ihnen unsere Bankverbindung in der Auftragsbest\u00e4tigung und liefern die Ware unter Ber\u00fccksichtigung der genannten Lieferzeit nach Zahlungseingang aus. Ferner k\u00f6nnen Zahlungen auch per Rechnung und \u00fcber PayPal get\u00e4tigt werden. <\/p>\n\n\n\n<p>F\u00fcr die Zahlungen per PayPal gelten die Allgemeinen Gesch\u00e4ftsbedingungen des Zahlungsdienstleisters PayPal (Europe) S.\u00e0.r.l. et Cie, S.C.A.22-24 Boulevard Royal, L-2449 Luxembourg, die unter <a href=\"https:\/\/www.paypal.com\/de\/webapps\/mpp\/ua\/legalhub-full?locale.x=de_DE\" aria-label=\"https:\/\/www.paypal.com\/de\/webapps\/mpp\/ua\/legalhub-full?locale.x=de_DE (opens in a new tab)\">https:\/\/www.paypal.com\/de\/webapps\/mpp\/ua\/legalhub-full?locale.x=de_DE<\/a> eingesehen werden k\u00f6nnen.<\/p>\n\n\n\n<h3 class=\"wp-block-heading\">7. Aufrechnung und Zur\u00fcckbehaltungsrecht<\/h3>\n\n\n\n<p>7.1 Ein Recht zur Aufrechnung steht Ihnen nur dann zu, wenn Ihre Gegenanspr\u00fcche rechtskr\u00e4ftig gerichtlich festgestellt oder schriftlich durch uns anerkannt wurden.<\/p>\n\n\n\n<p>7.2 Sie k\u00f6nnen ein Zur\u00fcckbehaltungsrecht nur aus\u00fcben, soweit die Anspr\u00fcche aus dem gleichen Vertragsverh\u00e4ltnis resultieren.<\/p>\n\n\n\n<h3 class=\"wp-block-heading\">8. Gew\u00e4hrleistung<\/h3>\n\n\n\n<p>Liegt ein Mangel der Kaufsache vor, so haftet die Stattmann Furniture GmbH f\u00fcr Sachm\u00e4ngel nach den geltenden gesetzlichen Vorschriften.<\/p>\n\n\n\n<h3 class=\"wp-block-heading\">9. Haftung<\/h3>\n\n\n\n<p>9.1 Wir haften uneingeschr\u00e4nkt nach den gesetzlichen Bestimmungen f\u00fcr Sch\u00e4den an Leben, K\u00f6rper und Gesundheit, die auf einer fahrl\u00e4ssigen oder vors\u00e4tzlichen Pflichtverletzung von uns, unseren gesetzlichen Vertretern oder unseren Erf\u00fcllungsgehilfen beruhen, sowie f\u00fcr Sch\u00e4den, die von der Haftung nach dem Produkthaftungsgesetz umfasst werden. F\u00fcr Sch\u00e4den, die nicht von Satz 1 erfasst werden und die auf vors\u00e4tzlichen oder grob fahrl\u00e4ssigen Vertragsverletzungen sowie Arglist von uns, unseren gesetzlichen Vertretern oder unseren Erf\u00fcllungsgehilfen beruhen, haften wir nach den gesetzlichen Bestimmungen. In diesem Fall ist aber die Schadensersatzhaftung auf den vorhersehbaren, typischerweise eintretenden Schaden begrenzt, soweit wir, unsere gesetzlichen Vertreter oder unsere Erf\u00fcllungsgehilfen nicht vors\u00e4tzlich gehandelt haben. In dem Umfang, in dem wir bez\u00fcglich der Ware oder Teile derselben eine Beschaffenheitsgarantie abgegeben haben, haften wir auch im Rahmen dieser Garantie. F\u00fcr Sch\u00e4den, die auf dem Fehlen der garantierten Beschaffenheit beruhen, aber nicht unmittelbar an der Ware eintreten, haften wir allerdings nur dann, wenn das Risiko eines solchen Schadens ersichtlich von der Beschaffenheitsgarantie erfasst ist.<\/p>\n\n\n\n<p>9.2 Wir haften auch f\u00fcr Sch\u00e4den, die durch einfache Fahrl\u00e4ssigkeit verursacht werden, soweit die Fahrl\u00e4ssigkeit die Verletzung solcher Vertragspflichten betrifft, deren Einhaltung f\u00fcr die Erreichung des Vertragszwecks von besonderer Bedeutung ist. Wir haften jedoch nur, soweit die Sch\u00e4den typischerweise mit dem Vertrag verbunden und vorhersehbar sind.<\/p>\n\n\n\n<p>9.3 Eine weitergehende Haftung ist ohne R\u00fccksicht auf die Rechtsnatur des geltend gemachten Anspruchs ausgeschlossen; dies gilt insbesondere auch f\u00fcr deliktische Anspr\u00fcche oder Anspr\u00fcche auf Ersatz vergeblicher Aufwendungen statt der Leistung.<\/p>\n\n\n\n<p>9.4 Soweit unsere Haftung ausgeschlossen oder beschr\u00e4nkt ist, gilt dies auch f\u00fcr die pers\u00f6nliche Haftung unserer Angestellten, Arbeitnehmer, Mitarbeiter, Vertreter und Erf\u00fcllungsgehilfen.\n<\/p>\n\n\n\n<h2 class=\"wp-block-heading\">Widerrufsrecht des Verbrauchers<\/h2>\n\n\n\n<p>Soweit der Kunde Verbraucher gem. \u00a7 13 BGB ist, steht ihm nachfolgendes Widerrufsrecht zu. Dagegen ist Unternehmer jede nat\u00fcrliche oder juristische Person oder rechtsf\u00e4hige Personengesellschaft, die beim Abschluss des Vertrags in Aus\u00fcbung ihrer gewerblichen oder selbst\u00e4ndigen beruflichen T\u00e4tigkeit handelt, vgl. \u00a7 14 BGB.<\/p>\n\n\n\n<h3 class=\"wp-block-heading\">1. Widerrufsrecht<\/h3>\n\n\n\n<p>Sie k\u00f6nnen Ihre Bestellung ohne Angabe von Gr\u00fcnden in Textform (z. B. Brief, Fax, E-Mail) binnen einer Frist von vierzehn Tagen widerrufen. Die Frist beginnt nach Erhalt dieser Belehrung in Textform, jedoch nicht vor Eingang der Ware beim Empf\u00e4nger (bei der wiederkehrenden Lieferung gleichartiger Waren nicht vor Eingang der ersten Teillieferung) und auch nicht vor Erf\u00fcllung unserer Informationspflichten gem\u00e4\u00df Artikel 246 \u00a7 2 in Verbindung mit \u00a7 1 Abs. 1 und 2 EGBGB sowie unserer Pflichten gem\u00e4\u00df \u00a7 312e Abs. 1 Satz 1 BGB in Verbindung mit Artikel 246 \u00a7 3 EGBGB. Zur Wahrung der Widerrufsfrist gen\u00fcgt die rechtzeitige Absendung des Widerrufs. <\/p>\n\n\n\n<p>Der schriftliche Widerruf ist an die Stattmann Furniture GmbH, Alt-Bornheim 30 HH, 60594 Frankfurt am Main zu richten. Alternativ k\u00f6nnen Sie uns per E-Mail unter <a href=\"mailto:info@stattmannfurniture.com\">info@stattmannfurniture.com<\/a> erreichen.<\/p>\n\n\n\n<h3 class=\"wp-block-heading\">2. Widerrufsfolgen<\/h3>\n\n\n\n<p>Im Falle eines wirksamen Widerrufs sind die beiderseits empfangenen Leistungen zur\u00fcckzugew\u00e4hren und gegebenenfalls gezogene Nutzungen (z. B. Zinsen) herauszugeben. K\u00f6nnen Sie uns die empfangene Leistung ganz oder teilweise nicht oder nur in verschlechtertem Zustand zur\u00fcckgew\u00e4hren, m\u00fcssen Sie uns insoweit ggf. Wertersatz leisten. Bei der \u00dcberlassung von Sachen gilt dies nicht, wenn die Verschlechterung der Sache ausschlie\u00dflich auf deren Pr\u00fcfung \u2013 wie sie Ihnen etwa im Ladengesch\u00e4ft m\u00f6glich gewesen w\u00e4re \u2013 zur\u00fcckzuf\u00fchren ist. Im \u00dcbrigen k\u00f6nnen Sie die Pflicht zum Wertersatz f\u00fcr eine durch die bestimmungsgem\u00e4\u00dfe Ingebrauchnahme der Sache entstandene Verschlechterung vermeiden, indem Sie die Sache nicht wie Ihr Eigentum in Gebrauch nehmen und alles unterlassen, was deren Wert beeintr\u00e4chtigt. Paketversandf\u00e4hige Sachen sind auf unsere Gefahr zur\u00fcckzusenden. Sie haben jedoch die Kosten der R\u00fccksendung zu tragen. Verpflichtungen zur Erstattung von Zahlungen m\u00fcssen innerhalb von 30 Tagen nach Absendung Ihrer Widerrufserkl\u00e4rung erf\u00fcllt werden. Die Frist beginnt f\u00fcr Sie mit der Absendung Ihrer Widerrufserkl\u00e4rung oder der Sache, f\u00fcr uns mit deren Empfang.<\/p>\n\n\n\n<p>Ende der Widerrufsbelehrung<\/p>\n","protected":false},"excerpt":{"rendered":"<p>Allgemeine Gesch\u00e4ftsbedingungen Die nachfolgend aufgef\u00fchrten Allgemeinen Gesch\u00e4ftsbedingungen (AGB) der Stattmann Furniture GmbH enthalten Informationen zu Ihren Rechten nach den Vorschriften \u00fcber Vertr\u00e4ge im Fernabsatz und im elektronischen Gesch\u00e4ftsverkehr. 1. Geltungsbereich Diese Allgemeinen Gesch\u00e4ftsbedingungen (AGB) gelten f\u00fcr alle Vertr\u00e4ge zwischen der Stattmann Furniture GmbH und ihren Kunden. 2. Vertragspartner Der Kaufvertrag kommt zustande mit der Stattmann [&hellip;]<\/p>\n","protected":false},"author":1,"featured_media":0,"parent":0,"menu_order":0,"comment_status":"closed","ping_status":"closed","template":"","meta":{"_acf_changed":false,"footnotes":""},"class_list":["post-7027","page","type-page","status-publish","hentry"],"acf":[],"aioseo_notices":[],"jetpack_sharing_enabled":true,"_links":{"self":[{"href":"https:\/\/stattmannfurniture.com\/de\/wp-json\/wp\/v2\/pages\/7027","targetHints":{"allow":["GET"]}}],"collection":[{"href":"https:\/\/stattmannfurniture.com\/de\/wp-json\/wp\/v2\/pages"}],"about":[{"href":"https:\/\/stattmannfurniture.com\/de\/wp-json\/wp\/v2\/types\/page"}],"author":[{"embeddable":true,"href":"https:\/\/stattmannfurniture.com\/de\/wp-json\/wp\/v2\/users\/1"}],"replies":[{"embeddable":true,"href":"https:\/\/stattmannfurniture.com\/de\/wp-json\/wp\/v2\/comments?post=7027"}],"version-history":[{"count":4,"href":"https:\/\/stattmannfurniture.com\/de\/wp-json\/wp\/v2\/pages\/7027\/revisions"}],"predecessor-version":[{"id":7281,"href":"https:\/\/stattmannfurniture.com\/de\/wp-json\/wp\/v2\/pages\/7027\/revisions\/7281"}],"wp:attachment":[{"href":"https:\/\/stattmannfurniture.com\/de\/wp-json\/wp\/v2\/media?parent=7027"}],"curies":[{"name":"wp","href":"https:\/\/api.w.org\/{rel}","templated":true}]}}