{"id":6362,"date":"2022-02-22T18:34:25","date_gmt":"2022-02-22T17:34:25","guid":{"rendered":"https:\/\/stattmannfurniture.com\/product\/add-stool"},"modified":"2026-02-04T16:09:49","modified_gmt":"2026-02-04T15:09:49","slug":"add-stool","status":"publish","type":"product","link":"https:\/\/stattmannfurniture.com\/de\/produkt\/add-stool","title":{"rendered":"ADD STOOL"},"content":{"rendered":"<p>ADD STOOL ist ein stapelbarer Hocker, der durch seine klaren Linien und markante Holzmaserung wirkt. Der kompakte dreibeinige Hocker aus Esche kann sechsfach gestapelt werden. Er eignet sich als komfortabler Sitz, aber auch als kleiner Tisch. Das macht ihn zu einem idealen M\u00f6bel f\u00fcr eine Vielzahl von Einsatzm\u00f6glichkeiten in privaten wie \u00f6ffentlichen R\u00e4umen (Restaurant, B\u00fcro, Wartebereiche, Museum). Die Rahmenkonstruktion besteht aus drei gebogenen Holzsegmenten und besticht durch ihre formal sch\u00f6nen, pr\u00e4zisen Details. Beine und Rahmen bestehen aus Massivholz, die Sitzfl\u00e4che aus Schichtholz. Der leichte und robuste Hocker ist in allen Farben der Kollektion erh\u00e4ltlich.<\/p>\n<p>Kombi-Angebot: Mit dem ADD STOOL BUNDLE erhalten Sie ein Set von 3 Hockern f\u00fcr 750 \u20ac und sparen je nach Auswahl 15-23 % gegen\u00fcber dem regul\u00e4ren Preis. Sie k\u00f6nnen alle Hocker in derselben Farbe w\u00e4hlen oder beliebige Farben aus der STATTMANN-Palette kombinieren. Das ADD STOOL BUNDLE k\u00f6nnen Sie direkt per E-Mail an info@stattmannfurniture bestellen.<\/p>\n","protected":false},"excerpt":{"rendered":"<p>MATERIAL: Esche und Esche Furnier. Alles Holz stammt aus kontrolliert nachhaltiger Forstwirtschaft. Jedes St\u00fcck Holz weist unterschiedliche Maserungen und leichte Farbunterschiede auf \u2013 das macht das M\u00f6belst\u00fcck zu einem Unikat. Die Oberfl\u00e4che ist mit wasserl\u00f6slichen Pigmenten gebeizt und mit einem matten Lack versehen. Die Stopper unter den Beinen sind aus Wollfilz. Der Hocker und alle seine Komponenten werden in Deutschland gefertigt.<\/p>\n<p>MASSE: Durchmesser Sitz 37 cm | Breite 40 cm | H\u00f6he 46 cm<\/p>\n<p>LIEFERZEIT: Die Produktionszeit f\u00fcr unseren ADD STOOL betr\u00e4gt derzeit ca. 6 Wochen.<\/p>\n","protected":false},"featured_media":6156,"template":"","meta":{"_acf_changed":false},"product_brand":[],"product_cat":[105,106,107],"product_tag":[],"class_list":{"0":"post-6362","1":"product","2":"type-product","3":"status-publish","4":"has-post-thumbnail","6":"product_cat-add","7":"product_cat-sitzen","8":"product_cat-steffen-kehrle","9":"product_shipping_class-paket-1","11":"first","12":"instock","13":"taxable","14":"shipping-taxable","15":"purchasable","16":"product-type-variable","17":"has-default-attributes"},"acf":[],"aioseo_notices":[],"jetpack_sharing_enabled":true,"_links":{"self":[{"href":"https:\/\/stattmannfurniture.com\/de\/wp-json\/wp\/v2\/product\/6362","targetHints":{"allow":["GET"]}}],"collection":[{"href":"https:\/\/stattmannfurniture.com\/de\/wp-json\/wp\/v2\/product"}],"about":[{"href":"https:\/\/stattmannfurniture.com\/de\/wp-json\/wp\/v2\/types\/product"}],"wp:featuredmedia":[{"embeddable":true,"href":"https:\/\/stattmannfurniture.com\/de\/wp-json\/wp\/v2\/media\/6156"}],"wp:attachment":[{"href":"https:\/\/stattmannfurniture.com\/de\/wp-json\/wp\/v2\/media?parent=6362"}],"wp:term":[{"taxonomy":"product_brand","embeddable":true,"href":"https:\/\/stattmannfurniture.com\/de\/wp-json\/wp\/v2\/product_brand?post=6362"},{"taxonomy":"product_cat","embeddable":true,"href":"https:\/\/stattmannfurniture.com\/de\/wp-json\/wp\/v2\/product_cat?post=6362"},{"taxonomy":"product_tag","embeddable":true,"href":"https:\/\/stattmannfurniture.com\/de\/wp-json\/wp\/v2\/product_tag?post=6362"}],"curies":[{"name":"wp","href":"https:\/\/api.w.org\/{rel}","templated":true}]}}