{"id":6379,"date":"2022-02-22T18:35:35","date_gmt":"2022-02-22T17:35:35","guid":{"rendered":"https:\/\/stattmannfurniture.com\/product\/profile-chair"},"modified":"2022-06-26T07:48:48","modified_gmt":"2022-06-26T05:48:48","slug":"profile-chair","status":"publish","type":"product","link":"https:\/\/stattmannfurniture.com\/de\/produkt\/profile-chair","title":{"rendered":"PROFILE CHAIR"},"content":{"rendered":"<p>PROFILE CHAIR ist ein leichter, bequemer Stapelstuhl aus Massivholz. Seine einfache und fein proportionierte Erscheinung ist formsch\u00f6n und sachlich. Pr\u00e4zises Handwerk und eine kluge, solide Konstruktion verleihen dem Stuhl eine besondere Stabilit\u00e4t. PROFILE CHAIR kann in den unterschiedlichsten Situationen genutzt werden: zu Hause und im B\u00fcro, ebenso wie in \u00f6ffentlichen R\u00e4umen wie Caf\u00e9s, Restaurants oder Museen.<\/p>\n<p>Die Formensprache und Proportionen des Stuhls sind perfekt auf die anderen Produkte der PROFILE Serie \u2013 <a title=\"PROFILE TABLE\" href=\"https:\/\/stattmannfurniture.com\/de\/produkt\/profile-table\">PROFILE TABLE<\/a>, <a title=\"PROFILE BENCH\" href=\"https:\/\/stattmannfurniture.com\/de\/produkt\/profile-bench\">PROFILE BENCH<\/a> und <a title=\"PROFILE BARSTOOL\" href=\"https:\/\/stattmannfurniture.com\/de\/produkt\/profile-barstool\">PROFILE BARSTOOL<\/a> \u2013 abgestimmt. Die Stopper an den Stuhlbeinen bestehen aus Naturkautschuk. Sie sind weich und sehr abriebfest und verursachen keine Druckstellen auf dem Fu\u00dfboden.<\/p>\n","protected":false},"excerpt":{"rendered":"<p>MATERIAL: Esche-Massivholz und Esche-Furnier. Alles Holz stammt aus kontrolliert nachhaltiger Forstwirtschaft. Jedes St\u00fcck Holz weist unterschiedliche Maserungen und leichte Farbunterschiede auf \u2013 das macht das M\u00f6belst\u00fcck zu einem Unikat. Die Oberfl\u00e4che ist mit wasserl\u00f6slichen Pigmenten gebeizt und mit einem matten Lack versehen. Die Stopper an den Fu\u00dfbeinen bestehen aus Naturkautschuk.<\/p>\n<p>MASSE: Breite vorn 42 cm | Breite hinten 50 cm | Tiefe 48 cm | H\u00f6he 81 cm | H\u00f6he Sitz 46 cm<\/p>\n<p>LIEFERZEIT: Die Produktionszeit f\u00fcr unseren PROFILE CHAIR betr\u00e4gt derzeit ca. 6 Wochen.<\/p>\n","protected":false},"featured_media":6123,"template":"","meta":{"_acf_changed":false},"product_brand":[],"product_cat":[139,106,137],"product_tag":[],"class_list":{"0":"post-6379","1":"product","2":"type-product","3":"status-publish","4":"has-post-thumbnail","6":"product_cat-profile","7":"product_cat-sitzen","8":"product_cat-sylvain-willenz","9":"product_shipping_class-pack-2-de","11":"first","12":"instock","13":"taxable","14":"shipping-taxable","15":"purchasable","16":"product-type-variable","17":"has-default-attributes"},"acf":[],"aioseo_notices":[],"jetpack_sharing_enabled":true,"_links":{"self":[{"href":"https:\/\/stattmannfurniture.com\/de\/wp-json\/wp\/v2\/product\/6379","targetHints":{"allow":["GET"]}}],"collection":[{"href":"https:\/\/stattmannfurniture.com\/de\/wp-json\/wp\/v2\/product"}],"about":[{"href":"https:\/\/stattmannfurniture.com\/de\/wp-json\/wp\/v2\/types\/product"}],"wp:featuredmedia":[{"embeddable":true,"href":"https:\/\/stattmannfurniture.com\/de\/wp-json\/wp\/v2\/media\/6123"}],"wp:attachment":[{"href":"https:\/\/stattmannfurniture.com\/de\/wp-json\/wp\/v2\/media?parent=6379"}],"wp:term":[{"taxonomy":"product_brand","embeddable":true,"href":"https:\/\/stattmannfurniture.com\/de\/wp-json\/wp\/v2\/product_brand?post=6379"},{"taxonomy":"product_cat","embeddable":true,"href":"https:\/\/stattmannfurniture.com\/de\/wp-json\/wp\/v2\/product_cat?post=6379"},{"taxonomy":"product_tag","embeddable":true,"href":"https:\/\/stattmannfurniture.com\/de\/wp-json\/wp\/v2\/product_tag?post=6379"}],"curies":[{"name":"wp","href":"https:\/\/api.w.org\/{rel}","templated":true}]}}