{"id":6392,"date":"2022-02-22T18:36:01","date_gmt":"2022-02-22T17:36:01","guid":{"rendered":"https:\/\/stattmannfurniture.com\/product\/profile-table"},"modified":"2024-04-10T15:58:48","modified_gmt":"2024-04-10T13:58:48","slug":"profile-table","status":"publish","type":"product","link":"https:\/\/stattmannfurniture.com\/de\/produkt\/profile-table","title":{"rendered":"PROFILE TABLE"},"content":{"rendered":"<p>PROFILE TABLE ist ein leichter Massivholztisch. Filigrane Proportionen und ein minimales, fast archetypisches Design zeichnen den Tisch mit kluger Konstruktion aus. Die kreuzf\u00f6rmige Unterkonstruktion wird durch eine Steckverbindung und Schrauben mit der Tischplatte verbunden und bietet maximale Beinfreiheit.<\/p>\n<p>PROFILE TABLE ist ein ganz selbstverst\u00e4ndlicher Tisch \u2013 im Esszimmer, in der K\u00fcche, in Caf\u00e9s oder Besprechungsr\u00e4umen. Seine Formensprache und Proportionen sind perfekt auf <a title=\"PROFILE CHAIR\" href=\"https:\/\/stattmannfurniture.com\/de\/produkt\/profile-chair\">PROFILE CHAIR<\/a> und <a title=\"PROFILE BENCH\" href=\"https:\/\/stattmannfurniture.com\/de\/produkt\/profile-bench\">PROFILE BENCH<\/a> abgestimmt.<\/p>\n","protected":false},"excerpt":{"rendered":"<p>MATERIAL: Eiche und Esche massiv. Alles Holz stammt aus kontrolliert nachhaltiger Forstwirtschaft. Jedes St\u00fcck Holz weist unterschiedliche Maserungen und leichte Farbunterschiede auf \u2013 das macht das M\u00f6belst\u00fcck zu einem Unikat. Die Oberfl\u00e4che ist mit wasserl\u00f6slichen Pigmenten gebeizt und mit einem matten Lack versehen. Die Stopper an den Tischbeinen bestehen aus Wollfilz. Der Tisch und alle seine Komponenten werden in Deutschland gefertigt.<\/p>\n<p>VARIANTEN\/MASSE: ROUND \u00d8 94 cm (3 Personen) | ROUND \u00d8 120 cm (4 bis 6 Personen) | ROUND \u00d8 135 cm (8 bis 10 Personen) | SQUARE 160 x 80 cm (4 bis 6 Personen) | SQUARE 220 x 90 cm (8 bis 10 Personen) | SQUARE 250 x 100 cm (10 Personen).<\/p>\n<p>H\u00d6HE 74,5 cm (alle Varianten)<\/p>\n<p>LIEFERZEIT: Die Produktionszeit f\u00fcr den PROFILE TABLE betr\u00e4gt derzeit ca. 10 bis 12 Wochen.<\/p>\n","protected":false},"featured_media":6194,"template":"","meta":{"_acf_changed":false},"product_brand":[],"product_cat":[139,137,133],"product_tag":[],"class_list":{"0":"post-6392","1":"product","2":"type-product","3":"status-publish","4":"has-post-thumbnail","6":"product_cat-profile","7":"product_cat-sylvain-willenz","8":"product_cat-tische","9":"product_shipping_class-sped-1-de","11":"first","12":"instock","13":"taxable","14":"shipping-taxable","15":"purchasable","16":"product-type-variable","17":"has-default-attributes"},"acf":[],"aioseo_notices":[],"jetpack_sharing_enabled":true,"_links":{"self":[{"href":"https:\/\/stattmannfurniture.com\/de\/wp-json\/wp\/v2\/product\/6392","targetHints":{"allow":["GET"]}}],"collection":[{"href":"https:\/\/stattmannfurniture.com\/de\/wp-json\/wp\/v2\/product"}],"about":[{"href":"https:\/\/stattmannfurniture.com\/de\/wp-json\/wp\/v2\/types\/product"}],"wp:featuredmedia":[{"embeddable":true,"href":"https:\/\/stattmannfurniture.com\/de\/wp-json\/wp\/v2\/media\/6194"}],"wp:attachment":[{"href":"https:\/\/stattmannfurniture.com\/de\/wp-json\/wp\/v2\/media?parent=6392"}],"wp:term":[{"taxonomy":"product_brand","embeddable":true,"href":"https:\/\/stattmannfurniture.com\/de\/wp-json\/wp\/v2\/product_brand?post=6392"},{"taxonomy":"product_cat","embeddable":true,"href":"https:\/\/stattmannfurniture.com\/de\/wp-json\/wp\/v2\/product_cat?post=6392"},{"taxonomy":"product_tag","embeddable":true,"href":"https:\/\/stattmannfurniture.com\/de\/wp-json\/wp\/v2\/product_tag?post=6392"}],"curies":[{"name":"wp","href":"https:\/\/api.w.org\/{rel}","templated":true}]}}