{"id":6471,"date":"2022-01-28T17:43:25","date_gmt":"2022-01-28T16:43:25","guid":{"rendered":"https:\/\/stattmannfurniture.com\/product\/profile-bench"},"modified":"2022-06-26T07:50:28","modified_gmt":"2022-06-26T05:50:28","slug":"profile-bench","status":"publish","type":"product","link":"https:\/\/stattmannfurniture.com\/de\/produkt\/profile-bench","title":{"rendered":"PROFILE BENCH"},"content":{"rendered":"<p>Mit einem klaren Fokus auf reduziertem Design und handwerklich \u00fcberzeugender Konstruktion besticht die Massivholzbank PROFILE BENCH durch ihre filigranen Proportionen und ihre vielseitigen Einsatzm\u00f6glichkeiten. Die Bank ist in den L\u00e4ngen 220 cm, 160 cm und 120 cm erh\u00e4ltlich und erg\u00e4nzt wunderbar die Serie aus Tisch und Stuhl von Designer Sylvain Willenz.<\/p>\n<p>Verf\u00fcgbar in Eiche oder Esche natur und in allen Farben der STATTMANN-Kollektion eignet sich PROFILE BENCH mit ihrem archetypischen Design f\u00fcr den privaten und \u00f6ffentlichen Raum und erlaubt den Einsatz als Sitzm\u00f6bel passend zum Esstisch oder auch als Solit\u00e4r f\u00fcr diverse Situationen \u2013 im Wartezimmer oder Museum, im Caf\u00e9 oder Restaurant, im Flur, in der K\u00fcche oder auch als Ablage im Schlafzimmer oder im Bad.<\/p>\n","protected":false},"excerpt":{"rendered":"<p>MATERIAL: Esche und Eiche \u2013 Massivholz. Alles Holz stammt aus kontrolliert nachhaltiger Forstwirtschaft. Jedes St\u00fcck Holz weist unterschiedliche Maserungen und leichte Farbunterschiede auf \u2013 das macht das M\u00f6belst\u00fcck zu einem Unikat. Die Oberfl\u00e4che ist mit wasserl\u00f6slichen Pigmenten gebeizt und mit einem matten Lack versehen. Die Bank und alle ihre Komponenten werden in Deutschland gefertigt.<\/p>\n<p>MASSE: Breite 35 cm | H\u00f6he 46 cm | L\u00e4nge 120, 160, 220 cm<\/p>\n<p>LIEFERZEIT: Die Produktionszeit f\u00fcr die PROFILE BENCH betr\u00e4gt derzeit ca. 10 bis 12 Wochen.<\/p>\n","protected":false},"featured_media":6107,"template":"","meta":{"_acf_changed":false},"product_brand":[],"product_cat":[139,106,137],"product_tag":[],"class_list":{"0":"post-6471","1":"product","2":"type-product","3":"status-publish","4":"has-post-thumbnail","6":"product_cat-profile","7":"product_cat-sitzen","8":"product_cat-sylvain-willenz","9":"product_shipping_class-pack-3-sp-de","11":"first","12":"instock","13":"taxable","14":"shipping-taxable","15":"purchasable","16":"product-type-variable","17":"has-default-attributes"},"acf":[],"aioseo_notices":[],"jetpack_sharing_enabled":true,"_links":{"self":[{"href":"https:\/\/stattmannfurniture.com\/de\/wp-json\/wp\/v2\/product\/6471","targetHints":{"allow":["GET"]}}],"collection":[{"href":"https:\/\/stattmannfurniture.com\/de\/wp-json\/wp\/v2\/product"}],"about":[{"href":"https:\/\/stattmannfurniture.com\/de\/wp-json\/wp\/v2\/types\/product"}],"wp:featuredmedia":[{"embeddable":true,"href":"https:\/\/stattmannfurniture.com\/de\/wp-json\/wp\/v2\/media\/6107"}],"wp:attachment":[{"href":"https:\/\/stattmannfurniture.com\/de\/wp-json\/wp\/v2\/media?parent=6471"}],"wp:term":[{"taxonomy":"product_brand","embeddable":true,"href":"https:\/\/stattmannfurniture.com\/de\/wp-json\/wp\/v2\/product_brand?post=6471"},{"taxonomy":"product_cat","embeddable":true,"href":"https:\/\/stattmannfurniture.com\/de\/wp-json\/wp\/v2\/product_cat?post=6471"},{"taxonomy":"product_tag","embeddable":true,"href":"https:\/\/stattmannfurniture.com\/de\/wp-json\/wp\/v2\/product_tag?post=6471"}],"curies":[{"name":"wp","href":"https:\/\/api.w.org\/{rel}","templated":true}]}}