{"id":6511,"date":"2022-02-22T18:37:02","date_gmt":"2022-02-22T17:37:02","guid":{"rendered":"https:\/\/stattmannfurniture.com\/product\/profile-barstool"},"modified":"2022-06-26T07:55:48","modified_gmt":"2022-06-26T05:55:48","slug":"profile-barstool","status":"publish","type":"product","link":"https:\/\/stattmannfurniture.com\/de\/produkt\/profile-barstool","title":{"rendered":"PROFILE BARSTOOL"},"content":{"rendered":"<p>PROFILE BARSTOOL ist ein formal reduzierter, solider Barhocker. Mit der sanften Mulde in der Sitzfl\u00e4che und seinen weich abgerundeten Kanten bietet er hohen Sitzkomfort und l\u00e4sst sich angenehm handhaben. Die ruhige Linienf\u00fchrung und die sch\u00f6ne, hochwertige Holzmaserung machen PROFILE BARSTOOL zu einem M\u00f6bel, das sich ganz selbstverst\u00e4ndlich in unterschiedlichste R\u00e4ume einf\u00fcgt.<\/p>\n<p>Der Hocker wird in den Sitzh\u00f6hen 66 cm und 76 cm gefertigt. Damit ist er sowohl f\u00fcr den Einsatz in privaten K\u00fcchen als auch in Bars und Restaurants geeignet.<\/p>\n","protected":false},"excerpt":{"rendered":"<p>MATERIAL: Esche-Massivholz. Alles Holz stammt aus kontrolliert nachhaltiger Forstwirtschaft. Jedes St\u00fcck Holz weist eine unterschiedliche Maserung und leichte Farbunterschiede auf \u2013 das macht das M\u00f6belst\u00fcck zu einem Unikat. Die Oberfl\u00e4che ist mit wasserl\u00f6slichen Pigmenten gebeizt und mit einem matten Lack versehen. Der Edelstahl-Fu\u00dfring wird in den Varianten poliert\/silberfarben und beschichtet\/blackblue gefertigt. Der Hocker und alle seine Komponenten werden in Deutschland gefertigt.<\/p>\n<p>MASSE BARSTOOL 66: Durchmesser Sitz 35 cm | Breite 43 cm | H\u00f6he 66 cm<\/p>\n<p>MASSE BARSTOOL 76: Durchmesser Sitz 35 cm | Breite 46 cm | H\u00f6he 76 cm<\/p>\n<p>LIEFERZEIT: Die Produktionszeit f\u00fcr den PROFILE BARSTOOL betr\u00e4gt derzeit ca. 6 Wochen.<\/p>\n","protected":false},"featured_media":6233,"template":"","meta":{"_acf_changed":false},"product_brand":[],"product_cat":[139,106,137],"product_tag":[],"class_list":{"0":"post-6511","1":"product","2":"type-product","3":"status-publish","4":"has-post-thumbnail","6":"product_cat-profile","7":"product_cat-sitzen","8":"product_cat-sylvain-willenz","9":"product_shipping_class-pack-2-de","11":"first","12":"instock","13":"taxable","14":"shipping-taxable","15":"purchasable","16":"product-type-variable","17":"has-default-attributes"},"acf":[],"aioseo_notices":[],"jetpack_sharing_enabled":true,"_links":{"self":[{"href":"https:\/\/stattmannfurniture.com\/de\/wp-json\/wp\/v2\/product\/6511","targetHints":{"allow":["GET"]}}],"collection":[{"href":"https:\/\/stattmannfurniture.com\/de\/wp-json\/wp\/v2\/product"}],"about":[{"href":"https:\/\/stattmannfurniture.com\/de\/wp-json\/wp\/v2\/types\/product"}],"wp:featuredmedia":[{"embeddable":true,"href":"https:\/\/stattmannfurniture.com\/de\/wp-json\/wp\/v2\/media\/6233"}],"wp:attachment":[{"href":"https:\/\/stattmannfurniture.com\/de\/wp-json\/wp\/v2\/media?parent=6511"}],"wp:term":[{"taxonomy":"product_brand","embeddable":true,"href":"https:\/\/stattmannfurniture.com\/de\/wp-json\/wp\/v2\/product_brand?post=6511"},{"taxonomy":"product_cat","embeddable":true,"href":"https:\/\/stattmannfurniture.com\/de\/wp-json\/wp\/v2\/product_cat?post=6511"},{"taxonomy":"product_tag","embeddable":true,"href":"https:\/\/stattmannfurniture.com\/de\/wp-json\/wp\/v2\/product_tag?post=6511"}],"curies":[{"name":"wp","href":"https:\/\/api.w.org\/{rel}","templated":true}]}}