{"id":6538,"date":"2022-02-22T18:34:55","date_gmt":"2022-02-22T17:34:55","guid":{"rendered":"https:\/\/stattmannfurniture.com\/product\/curv-chair"},"modified":"2026-02-04T15:36:06","modified_gmt":"2026-02-04T14:36:06","slug":"curv-chair","status":"publish","type":"product","link":"https:\/\/stattmannfurniture.com\/de\/produkt\/curv-chair","title":{"rendered":"CURV CHAIR"},"content":{"rendered":"<p>CURV CHAIR ist ein leichter Massivholzstuhl, der durch seine markante Silhouette, durchdachte Konstruktion und handwerkliche Raffinesse besticht.<\/p>\n<p>Die schlichten geraden Linien von CURV CHAIR kontrastieren mit den Rundungen der Massivholz-Elemente. Dabei sind nur die Bereiche, mit denen der Benutzer tats\u00e4chlich in Ber\u00fchrung kommt, abgerundet. Die technisch ausgefeilte Konstruktion basiert auf zwei gebogenen Massivholzteilen. Der filigrane U-Rahmen, der die Basis f\u00fcr das leichte und stabile Stuhlgestell bildet, ist aus einem einzigen St\u00fcck massivem Eschenholz gefertigt und zur R\u00fcckseite hin ge\u00f6ffnet. Die Beine des CURV CHAIR bestehen aus ovalen Profilen.<\/p>\n<p>CURV CHAIR ist mit und ohne Armlehne sowie optional mit gepolstertem Sitz erh\u00e4ltlich. Die Varianten unterscheiden sich lediglich in der Form und H\u00f6he der R\u00fcckenlehnen.<\/p>\n<p>Konzipiert f\u00fcr den privaten wie \u00f6ffentlichen Raum lassen sich beide Varianten des CURV CHAIR harmonisch miteinander und mit den Tischen der CURV-Serie kombinieren.<\/p>\n","protected":false},"excerpt":{"rendered":"<p>MATERIAL: Esche massiv und Esche-Formholz f\u00fcr die Sitzfl\u00e4che. Alles Holz stammt aus kontrolliert nachhaltiger Forstwirtschaft. Jedes St\u00fcck Holz weist unterschiedliche Maserungen und leichte Farbunterschiede auf \u2013 das macht das M\u00f6belst\u00fcck zu einem Unikat. Die Oberfl\u00e4che ist mit wasserl\u00f6slichen Pigmenten gebeizt und mit einem matten Lack versehen. Die Gleiter bestehen aus Filz. Der Stuhl und alle seine Komponenten werden in Deutschland gefertigt.<\/p>\n<p>MASSE \/ REGULAR: Breite 43 cm | Tiefe 45,5 cm | H\u00f6he 80 cm | H\u00f6he Sitz 46 cm<\/p>\n<p>MASSE \/ ARMREST: Breite 58,3 cm | Tiefe 45,5 cm | H\u00f6he 77,5 cm | H\u00f6he Sitz 46 cm<\/p>\n<p>LIEFERZEIT: Die Produktionszeit f\u00fcr CURV CHAIR und CURV CHAIR ARMREST betr\u00e4gt derzeit ca. 6 Wochen.<\/p>\n","protected":false},"featured_media":6155,"template":"","meta":{"_acf_changed":false},"product_brand":[],"product_cat":[140,135,106],"product_tag":[],"class_list":{"0":"post-6538","1":"product","2":"type-product","3":"status-publish","4":"has-post-thumbnail","6":"product_cat-curv","7":"product_cat-joerg-boner","8":"product_cat-sitzen","9":"product_shipping_class-pack-2-de","11":"first","12":"instock","13":"taxable","14":"shipping-taxable","15":"purchasable","16":"product-type-variable","17":"has-default-attributes"},"acf":[],"aioseo_notices":[],"jetpack_sharing_enabled":true,"_links":{"self":[{"href":"https:\/\/stattmannfurniture.com\/de\/wp-json\/wp\/v2\/product\/6538","targetHints":{"allow":["GET"]}}],"collection":[{"href":"https:\/\/stattmannfurniture.com\/de\/wp-json\/wp\/v2\/product"}],"about":[{"href":"https:\/\/stattmannfurniture.com\/de\/wp-json\/wp\/v2\/types\/product"}],"wp:featuredmedia":[{"embeddable":true,"href":"https:\/\/stattmannfurniture.com\/de\/wp-json\/wp\/v2\/media\/6155"}],"wp:attachment":[{"href":"https:\/\/stattmannfurniture.com\/de\/wp-json\/wp\/v2\/media?parent=6538"}],"wp:term":[{"taxonomy":"product_brand","embeddable":true,"href":"https:\/\/stattmannfurniture.com\/de\/wp-json\/wp\/v2\/product_brand?post=6538"},{"taxonomy":"product_cat","embeddable":true,"href":"https:\/\/stattmannfurniture.com\/de\/wp-json\/wp\/v2\/product_cat?post=6538"},{"taxonomy":"product_tag","embeddable":true,"href":"https:\/\/stattmannfurniture.com\/de\/wp-json\/wp\/v2\/product_tag?post=6538"}],"curies":[{"name":"wp","href":"https:\/\/api.w.org\/{rel}","templated":true}]}}