{"id":6563,"date":"2022-02-22T18:35:57","date_gmt":"2022-02-22T17:35:57","guid":{"rendered":"https:\/\/stattmannfurniture.com\/product\/curv-table"},"modified":"2022-06-25T13:24:21","modified_gmt":"2022-06-25T11:24:21","slug":"curv-table","status":"publish","type":"product","link":"https:\/\/stattmannfurniture.com\/de\/produkt\/curv-table","title":{"rendered":"CURV TABLE"},"content":{"rendered":"<p>CURV TABLE ist ein solider Tisch aus Massivholz, der von J\u00f6rg Boner f\u00fcr die CURV Serie entwickelt wurde. Er ist mit runder oder rechteckiger Tischplatte erh\u00e4ltlich. Der Entwurf nimmt die pr\u00e4gnante Formsprache des <a href=\"https:\/\/stattmannfurniture.com\/de\/produkt\/curv-chair\">CURV CHAIR<\/a> auf und macht den Tisch zu einem harmonischen Pendant f\u00fcr die Stuhlfamilie. Der Aufbau von CURV TABLE ist einfach und funktional. Die Tischplatte ruht auf einer flachen Zarge, die gen\u00fcgend Platz f\u00fcr das \u00dcbereinanderschlagen der Beine l\u00e4sst und es erlaubt, auch die Armlehn-Variante des CURV CHAIR weit unter den Tisch zu schieben. Die Tischkante weist eine ausgepr\u00e4gte Rundung auf, die sie haptisch sehr angenehm macht. Das Wechselspiel von weichen Rundungen mit vertikalen Linien und geraden Kanten verleiht dem Tisch seinen besonderen Charakter.<\/p>\n<p>Mit Abmessungen von bis zu 310 cm bei der rechteckigen Variante und einem Durchmesser von bis zu 135 cm bei der runden Variante eignet sich CURV TABLE bestens als Esstisch, Besprechungstisch, Arbeitstisch oder auch f\u00fcr die Einrichtung von Restaurants, Caf\u00e9s oder Kantinen. Je nach Abmessung bietet er Platz f\u00fcr bis zu 10 Personen.<\/p>\n","protected":false},"excerpt":{"rendered":"<p>MATERIAL: Eiche und Esche massiv. Alles Holz stammt aus kontrolliert nachhaltiger Forstwirtschaft. Jedes St\u00fcck Holz weist unterschiedliche Maserungen und leichte Farbunterschiede auf \u2013 das macht das M\u00f6belst\u00fcck zu einem Unikat. Die Oberfl\u00e4che ist mit wasserl\u00f6slichen Pigmenten gebeizt und mit einem matten Lack versehen. Die Stopper an den Tischbeinen bestehen aus Wollfilz. Der Tisch und alle seine Komponenten werden in Deutschland gefertigt.<\/p>\n<p>MASSE \/ ROUND: Durchmesser 85, 120, 135 cm<\/p>\n<p>MASSE \/ SQUARE: 170 x 80 cm | 240 x 90 cm | 310 x 100 cm<\/p>\n<p>MASSE \/ RADIUS: 170 x 75 cm | 240 x 85\u00a0 cm | 310 x 95 cm<\/p>\n<p>H\u00f6he 74.5 cm (alle Varianten)<\/p>\n<p>LIEFERZEIT: Die Produktionszeit f\u00fcr den CURV TABLE betr\u00e4gt derzeit ca. 10 bis 12 Wochen.<\/p>\n","protected":false},"featured_media":6167,"template":"","meta":{"_acf_changed":false},"product_brand":[],"product_cat":[140,135,133],"product_tag":[],"class_list":{"0":"post-6563","1":"product","2":"type-product","3":"status-publish","4":"has-post-thumbnail","6":"product_cat-curv","7":"product_cat-joerg-boner","8":"product_cat-tische","9":"product_shipping_class-sped-2-de","11":"first","12":"instock","13":"taxable","14":"shipping-taxable","15":"purchasable","16":"product-type-variable","17":"has-default-attributes"},"acf":[],"aioseo_notices":[],"jetpack_sharing_enabled":true,"_links":{"self":[{"href":"https:\/\/stattmannfurniture.com\/de\/wp-json\/wp\/v2\/product\/6563","targetHints":{"allow":["GET"]}}],"collection":[{"href":"https:\/\/stattmannfurniture.com\/de\/wp-json\/wp\/v2\/product"}],"about":[{"href":"https:\/\/stattmannfurniture.com\/de\/wp-json\/wp\/v2\/types\/product"}],"wp:featuredmedia":[{"embeddable":true,"href":"https:\/\/stattmannfurniture.com\/de\/wp-json\/wp\/v2\/media\/6167"}],"wp:attachment":[{"href":"https:\/\/stattmannfurniture.com\/de\/wp-json\/wp\/v2\/media?parent=6563"}],"wp:term":[{"taxonomy":"product_brand","embeddable":true,"href":"https:\/\/stattmannfurniture.com\/de\/wp-json\/wp\/v2\/product_brand?post=6563"},{"taxonomy":"product_cat","embeddable":true,"href":"https:\/\/stattmannfurniture.com\/de\/wp-json\/wp\/v2\/product_cat?post=6563"},{"taxonomy":"product_tag","embeddable":true,"href":"https:\/\/stattmannfurniture.com\/de\/wp-json\/wp\/v2\/product_tag?post=6563"}],"curies":[{"name":"wp","href":"https:\/\/api.w.org\/{rel}","templated":true}]}}