{"id":6682,"date":"2022-02-22T18:34:47","date_gmt":"2022-02-22T17:34:47","guid":{"rendered":"https:\/\/stattmannfurniture.com\/product\/plug-shelf"},"modified":"2023-08-14T10:18:50","modified_gmt":"2023-08-14T08:18:50","slug":"plug-shelf","status":"publish","type":"product","link":"https:\/\/stattmannfurniture.com\/de\/produkt\/plug-shelf","title":{"rendered":"PLUG SHELF"},"content":{"rendered":"<p>PLUG SHELF ist ein schlichtes Regal aus Massivholz mit einem cleveren Stecksystem. Die Regalb\u00f6den und Holme sind \u00fcber einen diagonalen Adapter-D\u00fcbel fest miteinander verbunden. Die einfache Konstruktion und die pr\u00e4zise handwerkliche Arbeit erm\u00f6glichen einen Auf- und Abbau ohne Werkzeug, Schrauben oder Leim. Zu zweit l\u00e4sst PLUG SHELF sich in kurzer Zeit montieren. Das Regal gibt es in drei Gr\u00f6\u00dfen: PLUG SHELF L (5 B\u00f6den), PLUG SHELF M (4 B\u00f6den) und PLUG SHELF S (3 B\u00f6den).<\/p>\n<p>Optional sind f\u00fcr die Regale Buchst\u00fctzen erh\u00e4ltlich, die zwischen die Seitenholme gesteckt werden.<\/p>\n<p>F\u00fcr die stabile Verbindung mehrerer Regaleinheiten miteinander bieten wir passende Verbindungsbuchst\u00fctzen im Zweier-Set an.<\/p>\n<p>Schlicht und belastbar bietet PLUG SHELF Platz f\u00fcr B\u00fccher, Spielzeug, Geschirr. Es funktioniert als Regal und Raumteiler.<\/p>\n","protected":false},"excerpt":{"rendered":"<p>MATERIAL: Esche massiv. Alles Holz stammt aus kontrolliert nachhaltiger Forstwirtschaft. Jedes St\u00fcck Holz weist unterschiedliche Maserungen und leichte Farbunterschiede auf \u2013 das macht das M\u00f6belst\u00fcck zu einem Unikat. Die Oberfl\u00e4che ist mit wasserl\u00f6slichen Pigmenten gebeizt und mit einem matten Lack versehen. Das Regal und alle seine Komponenten werden in Deutschland gefertigt.<\/p>\n<p>MASSE: Breite 80 cm | Tiefe 32 cm | H\u00f6he 87 cm, 124 cm, 161 cm<\/p>\n<p>LIEFERZEIT: Die Produktionszeit f\u00fcr das PLUG SHELF betr\u00e4gt ca. 5 bis 6 Wochen.<\/p>\n","protected":false},"featured_media":6178,"template":"","meta":{"_acf_changed":false},"product_brand":[],"product_cat":[141,132,107],"product_tag":[],"class_list":{"0":"post-6682","1":"product","2":"type-product","3":"status-publish","4":"has-post-thumbnail","6":"product_cat-plug","7":"product_cat-regale","8":"product_cat-steffen-kehrle","9":"product_shipping_class-pack-3-de","11":"first","12":"outofstock","13":"sold-individually","14":"taxable","15":"shipping-taxable","16":"product-type-variable","17":"has-default-attributes"},"acf":[],"aioseo_notices":[],"jetpack_sharing_enabled":true,"_links":{"self":[{"href":"https:\/\/stattmannfurniture.com\/de\/wp-json\/wp\/v2\/product\/6682","targetHints":{"allow":["GET"]}}],"collection":[{"href":"https:\/\/stattmannfurniture.com\/de\/wp-json\/wp\/v2\/product"}],"about":[{"href":"https:\/\/stattmannfurniture.com\/de\/wp-json\/wp\/v2\/types\/product"}],"wp:featuredmedia":[{"embeddable":true,"href":"https:\/\/stattmannfurniture.com\/de\/wp-json\/wp\/v2\/media\/6178"}],"wp:attachment":[{"href":"https:\/\/stattmannfurniture.com\/de\/wp-json\/wp\/v2\/media?parent=6682"}],"wp:term":[{"taxonomy":"product_brand","embeddable":true,"href":"https:\/\/stattmannfurniture.com\/de\/wp-json\/wp\/v2\/product_brand?post=6682"},{"taxonomy":"product_cat","embeddable":true,"href":"https:\/\/stattmannfurniture.com\/de\/wp-json\/wp\/v2\/product_cat?post=6682"},{"taxonomy":"product_tag","embeddable":true,"href":"https:\/\/stattmannfurniture.com\/de\/wp-json\/wp\/v2\/product_tag?post=6682"}],"curies":[{"name":"wp","href":"https:\/\/api.w.org\/{rel}","templated":true}]}}