{"id":6722,"date":"2022-03-19T15:19:51","date_gmt":"2022-03-19T14:19:51","guid":{"rendered":"https:\/\/stattmannfurniture.com\/product\/snug-bed-head"},"modified":"2026-04-10T11:15:17","modified_gmt":"2026-04-10T09:15:17","slug":"snug-bed-head","status":"publish","type":"product","link":"https:\/\/stattmannfurniture.com\/de\/produkt\/snug-bed-head","title":{"rendered":"SNUG BED HEAD"},"content":{"rendered":"<p>SNUG BED ist ein wundersch\u00f6nes Bett aus Massivholz. Ganz ruhig und selbstverst\u00e4ndlich steht es auf seinen runden Bettpfosten im Raum. Die sch\u00f6ne Holzmaserung, das pr\u00e4zise Handwerk und die raffinierten Details machen SNUG BED zu einem M\u00f6bel, an dem man lange Freude haben kann.<\/p>\n<p>Zentrales Element des Entwurfs sind die runden Bettpfosten. Die Seitenteile des Rahmens laufen \u2013 betont durch eine elegante Fuge \u2013 b\u00fcndig in die ausgekl\u00fcgelte Verbindung der Eckpfosten ein. Damit erh\u00e4lt der Rahmen seine klare, harmonisch umlaufende Linie. Mit seinen ausgewogenen Proportionen und einfachen Komponenten hat SNUG BED eine ganz selbstverst\u00e4ndliche \u00c4sthetik, die durch sch\u00f6ne Details und Linien, sowie Licht- und Schattenverl\u00e4ufe betont wird.<\/p>\n<p>SNUG BED ist ein behagliches Bett f\u00fcr Erwachsene und Kinder \u2013 Zuhause, in der Ferienwohnung und im Hotel.<\/p>\n<p>F\u00fcr SNUG BED wird Massivholz aus nachhaltiger Forstwirtschaft verwendet, das ausschlie\u00dflich mit \u00f6kologischen Materialien behandelt wird. Nur die Schraubverbinder sind aus Gussmetall \u2013 dieses garantiert die Langlebigkeit und Verl\u00e4sslichkeit der Eckverbindung.<\/p>\n<p>Das Bett wird mit einem integrierten Lattenrost aus massiver Kiefer geliefert. Auf Wunsch kann auf den integrierten Lattenrost verzichtet und ein Lattenrost eigener Wahl in den Rahmen gelegt werden. SNUG BED wird im Flatpack geliefert. Der Aufbau erfordert mindest zwei Personen und grundlegendes handwerkliches Geschick.<\/p>\n<p>SNUG BED ist auch ohne erh\u00f6htes Kopfteil erh\u00e4ltlich. Auf der Seite <a title=\"SNUG BED FRAME\" href=\"https:\/\/stattmannfurniture.com\/de\/produkt\/snug-bed-frame\">SNUG BED FRAME<\/a> finden Sie die verf\u00fcgbaren Gr\u00f6\u00dfen.<\/p>\n","protected":false},"excerpt":{"rendered":"<p>MATERIAL: Eiche und Esche massiv. Alles Holz stammt aus kontrolliert nachhaltiger Forstwirtschaft. Jedes St\u00fcck Holz weist unterschiedliche Maserungen und leichte Farbunterschiede auf \u2013 das macht das M\u00f6belst\u00fcck zu einem Unikat. Die Oberfl\u00e4che ist mit wasserl\u00f6slichen Pigmenten gebeizt und mit einem matten Lack versehen, der keine spezielle Pflege erfordert. Das Bett und alle seine Komponenten werden in Deutschland gefertigt.<\/p>\n<p>MASSE: H\u00f6he Rahmen 36 cm | H\u00f6he Kopfteil 75 cm (alle Varianten)<\/p>\n<p>LIEFERZEIT: Die Produktionszeit f\u00fcr SNUG BED betr\u00e4gt derzeit ca. 6 bis 8 Wochen.<\/p>\n","protected":false},"featured_media":6179,"template":"","meta":{"_acf_changed":false},"product_brand":[],"product_cat":[131,142,107],"product_tag":[],"class_list":{"0":"post-6722","1":"product","2":"type-product","3":"status-publish","4":"has-post-thumbnail","6":"product_cat-betten","7":"product_cat-snug","8":"product_cat-steffen-kehrle","9":"product_shipping_class-sped-2-de","11":"first","12":"instock","13":"sold-individually","14":"taxable","15":"shipping-taxable","16":"purchasable","17":"product-type-variable","18":"has-default-attributes"},"acf":[],"aioseo_notices":[],"jetpack_sharing_enabled":true,"_links":{"self":[{"href":"https:\/\/stattmannfurniture.com\/de\/wp-json\/wp\/v2\/product\/6722","targetHints":{"allow":["GET"]}}],"collection":[{"href":"https:\/\/stattmannfurniture.com\/de\/wp-json\/wp\/v2\/product"}],"about":[{"href":"https:\/\/stattmannfurniture.com\/de\/wp-json\/wp\/v2\/types\/product"}],"wp:featuredmedia":[{"embeddable":true,"href":"https:\/\/stattmannfurniture.com\/de\/wp-json\/wp\/v2\/media\/6179"}],"wp:attachment":[{"href":"https:\/\/stattmannfurniture.com\/de\/wp-json\/wp\/v2\/media?parent=6722"}],"wp:term":[{"taxonomy":"product_brand","embeddable":true,"href":"https:\/\/stattmannfurniture.com\/de\/wp-json\/wp\/v2\/product_brand?post=6722"},{"taxonomy":"product_cat","embeddable":true,"href":"https:\/\/stattmannfurniture.com\/de\/wp-json\/wp\/v2\/product_cat?post=6722"},{"taxonomy":"product_tag","embeddable":true,"href":"https:\/\/stattmannfurniture.com\/de\/wp-json\/wp\/v2\/product_tag?post=6722"}],"curies":[{"name":"wp","href":"https:\/\/api.w.org\/{rel}","templated":true}]}}