{"id":6869,"date":"2022-02-22T18:37:20","date_gmt":"2022-02-22T17:37:20","guid":{"rendered":"https:\/\/stattmannfurniture.com\/product\/unit-coat-rack"},"modified":"2023-02-13T12:54:36","modified_gmt":"2023-02-13T11:54:36","slug":"unit-coat-rack","status":"publish","type":"product","link":"https:\/\/stattmannfurniture.com\/de\/produkt\/unit-coat-rack","title":{"rendered":"UNIT COAT RACK"},"content":{"rendered":"<p>Das Regal UNIT COAT RACK kann vielf\u00e4ltig eingesetzt werden \u2013 als Garderobe im Flur, als Handtuchhalter im Bad oder in der K\u00fcche zum Aufh\u00e4ngen von Trockent\u00fcchern und Kochutensilien.<\/p>\n<p>UNIT COAT RACK ist in den H\u00f6hen 70 cm und 158 cm erh\u00e4ltlich. Die Hakenleiste kann mit 2 oder 3 Regalb\u00f6den kombiniert werden.<\/p>\n<p>Die Montage ist wie bei allen M\u00f6beln der UNIT-Serie denkbar unkompliziert. Dank einer robusten Steckverbindung aus Holz k\u00f6nnen die B\u00f6den einfach per Hand positioniert werden \u2013 und das beliebig oft. Das robuste Massivholz und die Passgenauigkeit sorgen f\u00fcr die Stabilit\u00e4t und Langlebigkeit des Regals.<\/p>\n","protected":false},"excerpt":{"rendered":"<p>MATERIAL: Esche und Eiche massiv. Alles Holz stammt aus kontrolliert nachhaltiger Forstwirtschaft. Jedes St\u00fcck Holz weist unterschiedliche Maserungen und leichte Farbunterschiede auf \u2013 das macht das M\u00f6belst\u00fcck zu einem Unikat. Die Oberfl\u00e4che ist mit wasserl\u00f6slichen Pigmenten gebeizt und mit einem matten Lack versehen. Das Regal und alle seine Komponenten werden in Deutschland gefertigt.<\/p>\n<p>MASSE: Breite 82 cm | Tiefe 25 cm | H\u00f6he 70 cm, 158 cm<\/p>\n<p>BELASTBARKEIT: Wir empfehlen eine maximale Belastung von 15 bis 20 kg pro Regalboden.<\/p>\n<p>LIEFERZEIT: Die Produktionszeit f\u00fcr das Regal UNIT COAT RACK betr\u00e4gt ca. 5 bis 6 Wochen.<\/p>\n","protected":false},"featured_media":6246,"template":"","meta":{"_acf_changed":false},"product_brand":[],"product_cat":[136,132,144],"product_tag":[],"class_list":{"0":"post-6869","1":"product","2":"type-product","3":"status-publish","4":"has-post-thumbnail","6":"product_cat-marina-bautier","7":"product_cat-regale","8":"product_cat-unit","9":"product_shipping_class-pack-2-de","11":"first","12":"instock","13":"taxable","14":"shipping-taxable","15":"purchasable","16":"product-type-variable","17":"has-default-attributes"},"acf":[],"aioseo_notices":[],"jetpack_sharing_enabled":true,"_links":{"self":[{"href":"https:\/\/stattmannfurniture.com\/de\/wp-json\/wp\/v2\/product\/6869","targetHints":{"allow":["GET"]}}],"collection":[{"href":"https:\/\/stattmannfurniture.com\/de\/wp-json\/wp\/v2\/product"}],"about":[{"href":"https:\/\/stattmannfurniture.com\/de\/wp-json\/wp\/v2\/types\/product"}],"wp:featuredmedia":[{"embeddable":true,"href":"https:\/\/stattmannfurniture.com\/de\/wp-json\/wp\/v2\/media\/6246"}],"wp:attachment":[{"href":"https:\/\/stattmannfurniture.com\/de\/wp-json\/wp\/v2\/media?parent=6869"}],"wp:term":[{"taxonomy":"product_brand","embeddable":true,"href":"https:\/\/stattmannfurniture.com\/de\/wp-json\/wp\/v2\/product_brand?post=6869"},{"taxonomy":"product_cat","embeddable":true,"href":"https:\/\/stattmannfurniture.com\/de\/wp-json\/wp\/v2\/product_cat?post=6869"},{"taxonomy":"product_tag","embeddable":true,"href":"https:\/\/stattmannfurniture.com\/de\/wp-json\/wp\/v2\/product_tag?post=6869"}],"curies":[{"name":"wp","href":"https:\/\/api.w.org\/{rel}","templated":true}]}}