{"id":6896,"date":"2022-02-22T18:37:09","date_gmt":"2022-02-22T17:37:09","guid":{"rendered":"https:\/\/stattmannfurniture.com\/product\/unit-desk"},"modified":"2023-02-13T12:53:55","modified_gmt":"2023-02-13T11:53:55","slug":"unit-desk","status":"publish","type":"product","link":"https:\/\/stattmannfurniture.com\/de\/produkt\/unit-desk","title":{"rendered":"UNIT DESK"},"content":{"rendered":"<p>UNIT DESK ist die Schreibtisch-Variante des Massivholz-Regalsystems UNIT \u2013 perfekt f\u00fcr Arbeitszimmer, Kinder- und Jugendzimmer oder B\u00fcro.<\/p>\n<p>UNIT DESK ist in den H\u00f6hen 70 cm und 158 cm erh\u00e4ltlich und umfasst 3 bzw. 5 Regalb\u00f6den sowie eine Schreibtischplatte.<\/p>\n<p>Die Montage ist wie bei allen M\u00f6beln der UNIT-Serie denkbar unkompliziert. Dank einer robusten Steckverbindung aus Holz k\u00f6nnen die B\u00f6den einfach per Hand positioniert werden \u2013 und das beliebig oft. Das robuste Massivholz und die Passgenauigkeit sorgen f\u00fcr die Stabilit\u00e4t und Langlebigkeit des Regals.<\/p>\n","protected":false},"excerpt":{"rendered":"<p>MATERIAL: Esche und Eiche massiv. Alles Holz stammt aus kontrolliert nachhaltiger Forstwirtschaft. Jedes St\u00fcck Holz weist unterschiedliche Maserungen und leichte Farbunterschiede auf \u2013 das macht das M\u00f6belst\u00fcck zu einem Unikat. Die Oberfl\u00e4che ist mit wasserl\u00f6slichen Pigmenten gebeizt und mit einem matten Lack versehen. Das Regal und alle seine Komponenten werden in Deutschland gefertigt.<\/p>\n<p>MASSE: Breite 82 cm | Tiefe Regalboden 25 cm | Tiefe Schreibtischplatte 50 cm | H\u00f6he 70 cm, 158 cm<\/p>\n<p>BELASTBARKEIT: Wir empfehlen eine maximale Belastung von 15 bis 20 kg pro Regalboden.<\/p>\n<p>LIEFERZEIT: Die Produktionszeit f\u00fcr das UNIT DESK betr\u00e4gt ca. 5 bis 6 Wochen.<\/p>\n","protected":false},"featured_media":6240,"template":"","meta":{"_acf_changed":false},"product_brand":[],"product_cat":[136,132,144],"product_tag":[],"class_list":{"0":"post-6896","1":"product","2":"type-product","3":"status-publish","4":"has-post-thumbnail","6":"product_cat-marina-bautier","7":"product_cat-regale","8":"product_cat-unit","9":"product_shipping_class-pack-2-de","11":"first","12":"instock","13":"taxable","14":"shipping-taxable","15":"purchasable","16":"product-type-variable","17":"has-default-attributes"},"acf":[],"aioseo_notices":[],"jetpack_sharing_enabled":true,"_links":{"self":[{"href":"https:\/\/stattmannfurniture.com\/de\/wp-json\/wp\/v2\/product\/6896","targetHints":{"allow":["GET"]}}],"collection":[{"href":"https:\/\/stattmannfurniture.com\/de\/wp-json\/wp\/v2\/product"}],"about":[{"href":"https:\/\/stattmannfurniture.com\/de\/wp-json\/wp\/v2\/types\/product"}],"wp:featuredmedia":[{"embeddable":true,"href":"https:\/\/stattmannfurniture.com\/de\/wp-json\/wp\/v2\/media\/6240"}],"wp:attachment":[{"href":"https:\/\/stattmannfurniture.com\/de\/wp-json\/wp\/v2\/media?parent=6896"}],"wp:term":[{"taxonomy":"product_brand","embeddable":true,"href":"https:\/\/stattmannfurniture.com\/de\/wp-json\/wp\/v2\/product_brand?post=6896"},{"taxonomy":"product_cat","embeddable":true,"href":"https:\/\/stattmannfurniture.com\/de\/wp-json\/wp\/v2\/product_cat?post=6896"},{"taxonomy":"product_tag","embeddable":true,"href":"https:\/\/stattmannfurniture.com\/de\/wp-json\/wp\/v2\/product_tag?post=6896"}],"curies":[{"name":"wp","href":"https:\/\/api.w.org\/{rel}","templated":true}]}}